{"id":4741,"date":"2020-04-13T11:18:48","date_gmt":"2020-04-13T11:18:48","guid":{"rendered":"https:\/\/kuusamoneramajoitus.fi\/ota-yhteytta\/"},"modified":"2022-12-07T10:29:34","modified_gmt":"2022-12-07T10:29:34","slug":"kontakta-oss","status":"publish","type":"page","link":"https:\/\/kuusamoneramajoitus.fi\/sv\/kontakta-oss\/","title":{"rendered":"Kontakta oss"},"content":{"rendered":"<h1>V\u00e4lkommen till Kuusamo, f\u00f6r att njuta av naturen<\/h1>\n<div><iframe width=\"100%\" height=\"650\" data-src=\"https:\/\/www.google.com\/maps\/d\/u\/0\/embed?mid=1nZkYGJWGNiPLESKJeC_caB_SS5Fda1cZ\" data-mce-fragment=\"1\" src=\"data:image\/svg+xml;base64,PHN2ZyB3aWR0aD0iMSIgaGVpZ2h0PSIxIiB4bWxucz0iaHR0cDovL3d3dy53My5vcmcvMjAwMC9zdmciPjwvc3ZnPg==\" class=\"lazyload\" data-load-mode=\"1\"><\/iframe><\/div>\n<ul>\n<li>\n<h3>Telefon<\/h3>\n<p><a href=\"tel:+3585064040\">+358 50 640 40<\/a><\/p>\n<\/li>\n<li>\n<h3>E-post<\/h3>\n<p><a href=\"mailto:info@kuusamoneramajoitus.fi\">info@kuusamoneramajoitus.fi<\/a><\/p>\n<\/li>\n<li>\n<h3>Postadress<\/h3>\n<p><a href=\"https:\/\/goo.gl\/maps\/JfJfLQ8GKhMMSVLY8\">Likolammentie 43, 93999 Kuusamo, Finland<\/a><\/p>\n<\/li>\n<\/ul>\n<ul>\n<li>\n<h3>Pukari Apartmets &#038; Wilderness Estate Pukari<\/h3>\n<p><a href=\"https:\/\/goo.gl\/maps\/JfJfLQ8GKhMMSVLY8\">Likolammentie 43, 93999 Kuusamo, Finland<\/a><\/p>\n<\/li>\n<li>\n<h3>Lake Side House T\u00f6rm\u00e4nen<\/h3>\n<div>Koskenkyl\u00e4ntie 7, 93800 Kuusamo, Finland<\/div>\n<\/li>\n<li>\n<h3>Lake Side Cabin Hepomaja<\/h3>\n<div>Kuusilehdontie 14, 93999 Kuusamo, Finland<\/div>\n<\/li>\n<\/ul>\n<div><div class=\"wpforms-container \" id=\"wpforms-4783\"><form id=\"wpforms-form-4783\" class=\"wpforms-validate wpforms-form\" data-formid=\"4783\" method=\"post\" enctype=\"multipart\/form-data\" action=\"\/sv\/wp-json\/wp\/v2\/pages\/4741\" data-token=\"a7fc1647f59eae1df0ad31b308c35e12\" data-token-time=\"1778626389\"><noscript class=\"wpforms-error-noscript\">Aktivera JavaScript i din webbl\u00e4sare f\u00f6r att fylla i formul\u00e4ret.<\/noscript><div class=\"wpforms-field-container\"><div id=\"wpforms-4783-field_1-container\" class=\"wpforms-field wpforms-field-name\" data-field-id=\"1\"><label class=\"wpforms-field-label\" for=\"wpforms-4783-field_1\">Namn <span class=\"wpforms-required-label\">*<\/span><\/label><input type=\"text\" id=\"wpforms-4783-field_1\" class=\"wpforms-field-large wpforms-field-required\" name=\"wpforms[fields][1]\" required><\/div><div id=\"wpforms-4783-field_3-container\" class=\"wpforms-field wpforms-field-email\" data-field-id=\"3\"><label class=\"wpforms-field-label\" for=\"wpforms-4783-field_3\">Email <span class=\"wpforms-required-label\">*<\/span><\/label><input type=\"email\" id=\"wpforms-4783-field_3\" class=\"wpforms-field-large wpforms-field-required\" name=\"wpforms[fields][3]\" spellcheck=\"false\" required><\/div><div id=\"wpforms-4783-field_6-container\" class=\"wpforms-field wpforms-field-text\" data-field-id=\"6\"><label class=\"wpforms-field-label\" for=\"wpforms-4783-field_6\">Telefon <span class=\"wpforms-required-label\">*<\/span><\/label><input type=\"text\" id=\"wpforms-4783-field_6\" class=\"wpforms-field-large wpforms-field-required\" name=\"wpforms[fields][6]\" required><\/div><div id=\"wpforms-4783-field_5-container\" class=\"wpforms-field wpforms-field-textarea\" data-field-id=\"5\"><label class=\"wpforms-field-label\" for=\"wpforms-4783-field_5\">Meddelandet <span class=\"wpforms-required-label\">*<\/span><\/label><textarea id=\"wpforms-4783-field_5\" class=\"wpforms-field-medium wpforms-field-required\" name=\"wpforms[fields][5]\" required><\/textarea><\/div><\/div><!-- .wpforms-field-container --><div class=\"wpforms-recaptcha-container wpforms-is-recaptcha wpforms-is-recaptcha-type-invisible\" ><div class=\"g-recaptcha\" data-sitekey=\"6LfsFHgjAAAAADzBNXJADRCb_PSToW02xMQBwGni\" data-size=\"invisible\"><\/div><\/div><div class=\"wpforms-submit-container\" ><input type=\"hidden\" name=\"wpforms[id]\" value=\"4783\"><input type=\"hidden\" name=\"page_title\" value=\"\"><input type=\"hidden\" name=\"page_url\" value=\"https:\/\/kuusamoneramajoitus.fi\/sv\/wp-json\/wp\/v2\/pages\/4741\"><input type=\"hidden\" name=\"url_referer\" value=\"\"><button type=\"submit\" name=\"wpforms[submit]\" id=\"wpforms-submit-4783\" class=\"wpforms-submit\" data-alt-text=\"sticka...\" data-submit-text=\"Sticka\" aria-live=\"assertive\" value=\"wpforms-submit\">Sticka<\/button><\/div><\/form><\/div>  <!-- .wpforms-container -->\t<\/div>\n<p><!--more--><br \/>\n<!-- {\"type\":\"layout\",\"children\":[{\"name\":\"Hero\",\"type\":\"section\",\"props\":{\"header_transparent\":\"light\",\"image\":\"wp-content\\\/uploads\\\/2020\\\/11\\\/Reindeer.jpg\",\"image_position\":\"center-center\",\"image_size\":\"cover\",\"media_overlay\":\"rgba(6, 40, 118, 0.36)\",\"padding\":\"large\",\"style\":\"default\",\"text_color\":\"light\",\"title_breakpoint\":\"xl\",\"title_position\":\"top-left\",\"title_rotation\":\"left\",\"vertical_align\":\"\",\"width\":\"large\"},\"children\":[{\"name\":\"\",\"type\":\"row\",\"children\":[{\"name\":\"\",\"type\":\"column\",\"props\":{\"image_position\":\"center-center\",\"media_overlay_gradient\":\"\",\"position_sticky_breakpoint\":\"m\",\"width_medium\":\"1-1\"},\"children\":[{\"name\":\"\",\"type\":\"headline\",\"props\":{\"animation\":\"parallax\",\"content\":\"V\\u00e4lkommen till Kuusamo, f\\u00f6r att njuta av naturen\",\"maxwidth\":\"2xlarge\",\"parallax_breakpoint\":\"m\",\"parallax_easing\":\"1\",\"parallax_y\":\"0,-50\",\"title_element\":\"h1\",\"title_style\":\"heading-medium\"}}]}]}]},{\"name\":\"Contact\",\"type\":\"section\",\"props\":{\"image_position\":\"center-center\",\"padding_remove_top\":true,\"style\":\"default\",\"title_breakpoint\":\"xl\",\"title_position\":\"top-left\",\"title_rotation\":\"left\",\"vertical_align\":\"\",\"width\":\"\"},\"children\":[{\"name\":\"\",\"type\":\"row\",\"props\":{\"column_gap\":\"collapse\",\"layout\":\"2-3,1-3\",\"row_gap\":\"collapse\"},\"children\":[{\"name\":\"\",\"type\":\"column\",\"props\":{\"image_position\":\"center-center\",\"media_overlay_gradient\":\"\",\"position_sticky_breakpoint\":\"m\",\"width_large\":\"2-3\"},\"children\":[{\"type\":\"text\",\"props\":{\"column_breakpoint\":\"m\",\"content\":\"<iframe width=\\\"100%\\\" height=\\\"650\\\" src=\\\"https:\\\/\\\/www.google.com\\\/maps\\\/d\\\/u\\\/0\\\/embed?mid=1nZkYGJWGNiPLESKJeC_caB_SS5Fda1cZ\\\" data-mce-fragment=\\\"1\\\"><\\\/iframe>\",\"margin\":\"default\"}}]},{\"name\":\"\",\"type\":\"column\",\"props\":{\"image_position\":\"center-center\",\"media_overlay_gradient\":\"\",\"position_sticky_breakpoint\":\"m\",\"preserve_color\":false,\"style\":\"secondary\",\"vertical_align\":\"middle\",\"width_large\":\"1-3\"},\"children\":[{\"name\":\"\",\"type\":\"description_list\",\"props\":{\"animation\":\"none\",\"column_breakpoint\":\"m\",\"content_style\":\"text-lead\",\"layout\":\"grid-2\",\"list_element\":\"ul\",\"list_size\":\"\",\"meta_align\":\"below-content\",\"meta_style\":\"h4\",\"show_content\":true,\"show_link\":true,\"show_meta\":true,\"show_title\":true,\"title_colon\":false,\"title_color\":\"muted\",\"title_element\":\"div\",\"title_grid_breakpoint\":\"\",\"title_grid_column_gap\":\"\",\"title_grid_row_gap\":\"\",\"title_grid_width\":\"small\",\"title_leader\":true,\"title_style\":\"h4\"},\"children\":[{\"name\":\"\",\"type\":\"description_list_item\",\"props\":{\"content\":\"+358 50 640 40\",\"link\":\"tel:+3585064040\",\"meta\":\"\",\"title\":\"Telefon\"}},{\"name\":\"\",\"type\":\"description_list_item\",\"props\":{\"content\":\"info@kuusamoneramajoitus.fi\",\"link\":\"mailto:info@kuusamoneramajoitus.fi\",\"meta\":\"\",\"title\":\"E-post\"}},{\"name\":\"\",\"type\":\"description_list_item\",\"props\":{\"content\":\"Likolammentie 43, 93999 Kuusamo, Finland\",\"link\":\"https:\\\/\\\/goo.gl\\\/maps\\\/JfJfLQ8GKhMMSVLY8\",\"link_target\":true,\"meta\":\"\",\"title\":\"Postadress\"}}]},{\"name\":\"\",\"type\":\"description_list\",\"props\":{\"animation\":\"none\",\"column_breakpoint\":\"m\",\"content_style\":\"text-lead\",\"layout\":\"grid-2\",\"list_element\":\"ul\",\"list_size\":\"\",\"list_style\":\"striped\",\"meta_align\":\"below-content\",\"meta_style\":\"h4\",\"show_content\":true,\"show_link\":true,\"show_meta\":true,\"show_title\":true,\"title_colon\":false,\"title_color\":\"muted\",\"title_element\":\"div\",\"title_grid_breakpoint\":\"\",\"title_grid_column_gap\":\"\",\"title_grid_row_gap\":\"\",\"title_grid_width\":\"small\",\"title_leader\":true,\"title_style\":\"h4\"},\"children\":[{\"name\":\"\",\"type\":\"description_list_item\",\"props\":{\"content\":\"Likolammentie 43, 93999 Kuusamo, Finland\",\"link\":\"https:\\\/\\\/goo.gl\\\/maps\\\/JfJfLQ8GKhMMSVLY8\",\"meta\":\"\",\"title\":\"Pukari Apartmets & Wilderness Estate Pukari\"}},{\"name\":\"\",\"type\":\"description_list_item\",\"props\":{\"content\":\"Koskenkyl\\u00e4ntie 7, 93800 Kuusamo, Finland\",\"link\":\"\",\"meta\":\"\",\"title\":\"Lake Side House T\\u00f6rm\\u00e4nen\"}},{\"name\":\"\",\"type\":\"description_list_item\",\"props\":{\"content\":\"Kuusilehdontie 14, 93999 Kuusamo, Finland\",\"link\":\"\",\"link_target\":true,\"meta\":\"\",\"title\":\"Lake Side Cabin Hepomaja\"}}]}]}]}]},{\"type\":\"section\",\"props\":{\"image_position\":\"center-center\",\"style\":\"default\",\"title_breakpoint\":\"xl\",\"title_position\":\"top-left\",\"title_rotation\":\"left\",\"vertical_align\":\"middle\",\"width\":\"xsmall\"},\"children\":[{\"type\":\"row\",\"children\":[{\"type\":\"column\",\"props\":{\"image_position\":\"center-center\",\"media_overlay_gradient\":\"\",\"position_sticky_breakpoint\":\"m\"},\"children\":[{\"type\":\"text\",\"props\":{\"column_breakpoint\":\"m\",\"content\":\"[wpforms id=\\\"4783\\\"]\\t\",\"margin\":\"default\"}}]}]}]}],\"version\":\"3.0.14\"} --><\/p>\n","protected":false},"excerpt":{"rendered":"<p>V\u00e4lkommen till Kuusamo, f\u00f6r att njuta av naturen Telefon +358 50 640 40 E-post info@kuusamoneramajoitus.fi Postadress Likolammentie 43, 93999 Kuusamo, Finland Pukari Apartmets &#038; Wilderness Estate Pukari Likolammentie 43, 93999 Kuusamo, Finland Lake Side House T\u00f6rm\u00e4nen Koskenkyl\u00e4ntie 7, 93800 Kuusamo, Finland Lake Side Cabin Hepomaja Kuusilehdontie 14, 93999 Kuusamo, Finland<\/p>\n","protected":false},"author":1,"featured_media":0,"parent":0,"menu_order":0,"comment_status":"closed","ping_status":"closed","template":"","meta":{"_exactmetrics_skip_tracking":false,"_exactmetrics_sitenote_active":false,"_exactmetrics_sitenote_note":"","_exactmetrics_sitenote_category":0,"footnotes":""},"class_list":["post-4741","page","type-page","status-publish","hentry"],"yoast_head":"<!-- This site is optimized with the Yoast SEO plugin v27.5 - https:\/\/yoast.com\/product\/yoast-seo-wordpress\/ -->\n<title>Kontakta oss - Kuusamon Er&auml;majoitus<\/title>\n<meta name=\"robots\" content=\"index, follow, max-snippet:-1, max-image-preview:large, max-video-preview:-1\" \/>\n<link rel=\"canonical\" href=\"https:\/\/kuusamoneramajoitus.fi\/sv\/kontakta-oss\/\" \/>\n<meta property=\"og:locale\" content=\"sv_SE\" \/>\n<meta property=\"og:type\" content=\"article\" \/>\n<meta property=\"og:title\" content=\"Kontakta oss - Kuusamon Er&auml;majoitus\" \/>\n<meta property=\"og:description\" content=\"V\u00e4lkommen till Kuusamo, f\u00f6r att njuta av naturen Telefon +358 50 640 40 E-post info@kuusamoneramajoitus.fi Postadress Likolammentie 43, 93999 Kuusamo, Finland Pukari Apartmets &#038; Wilderness Estate Pukari Likolammentie 43, 93999 Kuusamo, Finland Lake Side House T\u00f6rm\u00e4nen Koskenkyl\u00e4ntie 7, 93800 Kuusamo, Finland Lake Side Cabin Hepomaja Kuusilehdontie 14, 93999 Kuusamo, Finland\" \/>\n<meta property=\"og:url\" content=\"https:\/\/kuusamoneramajoitus.fi\/sv\/kontakta-oss\/\" \/>\n<meta property=\"og:site_name\" content=\"Kuusamon Er&auml;majoitus\" \/>\n<meta property=\"article:modified_time\" content=\"2022-12-07T10:29:34+00:00\" \/>\n<meta name=\"twitter:card\" content=\"summary_large_image\" \/>\n<script type=\"application\/ld+json\" class=\"yoast-schema-graph\">{\"@context\":\"https:\\\/\\\/schema.org\",\"@graph\":[{\"@type\":\"WebPage\",\"@id\":\"https:\\\/\\\/kuusamoneramajoitus.fi\\\/sv\\\/kontakta-oss\\\/\",\"url\":\"https:\\\/\\\/kuusamoneramajoitus.fi\\\/sv\\\/kontakta-oss\\\/\",\"name\":\"Kontakta oss - Kuusamon Er&auml;majoitus\",\"isPartOf\":{\"@id\":\"https:\\\/\\\/kuusamoneramajoitus.fi\\\/sv\\\/#website\"},\"datePublished\":\"2020-04-13T11:18:48+00:00\",\"dateModified\":\"2022-12-07T10:29:34+00:00\",\"breadcrumb\":{\"@id\":\"https:\\\/\\\/kuusamoneramajoitus.fi\\\/sv\\\/kontakta-oss\\\/#breadcrumb\"},\"inLanguage\":\"sv-SE\",\"potentialAction\":[{\"@type\":\"ReadAction\",\"target\":[\"https:\\\/\\\/kuusamoneramajoitus.fi\\\/sv\\\/kontakta-oss\\\/\"]}]},{\"@type\":\"BreadcrumbList\",\"@id\":\"https:\\\/\\\/kuusamoneramajoitus.fi\\\/sv\\\/kontakta-oss\\\/#breadcrumb\",\"itemListElement\":[{\"@type\":\"ListItem\",\"position\":1,\"name\":\"Home\",\"item\":\"https:\\\/\\\/kuusamoneramajoitus.fi\\\/sv\\\/\"},{\"@type\":\"ListItem\",\"position\":2,\"name\":\"Kontakta oss\"}]},{\"@type\":\"WebSite\",\"@id\":\"https:\\\/\\\/kuusamoneramajoitus.fi\\\/sv\\\/#website\",\"url\":\"https:\\\/\\\/kuusamoneramajoitus.fi\\\/sv\\\/\",\"name\":\"Kuusamon Er&auml;majoitus\",\"description\":\"Loma-asuntoja Kuusamon l&auml;hialueella\",\"publisher\":{\"@id\":\"https:\\\/\\\/kuusamoneramajoitus.fi\\\/sv\\\/#organization\"},\"potentialAction\":[{\"@type\":\"SearchAction\",\"target\":{\"@type\":\"EntryPoint\",\"urlTemplate\":\"https:\\\/\\\/kuusamoneramajoitus.fi\\\/sv\\\/?s={search_term_string}\"},\"query-input\":{\"@type\":\"PropertyValueSpecification\",\"valueRequired\":true,\"valueName\":\"search_term_string\"}}],\"inLanguage\":\"sv-SE\"},{\"@type\":\"Organization\",\"@id\":\"https:\\\/\\\/kuusamoneramajoitus.fi\\\/sv\\\/#organization\",\"name\":\"Kuusamon Er&auml;majoitus\",\"url\":\"https:\\\/\\\/kuusamoneramajoitus.fi\\\/sv\\\/\",\"logo\":{\"@type\":\"ImageObject\",\"inLanguage\":\"sv-SE\",\"@id\":\"https:\\\/\\\/kuusamoneramajoitus.fi\\\/sv\\\/#\\\/schema\\\/logo\\\/image\\\/\",\"url\":\"https:\\\/\\\/kuusamoneramajoitus.fi\\\/wp-content\\\/uploads\\\/2020\\\/04\\\/KuusamonEramajoitusNyaLogoVersion2-2-e1670410237700.png\",\"contentUrl\":\"https:\\\/\\\/kuusamoneramajoitus.fi\\\/wp-content\\\/uploads\\\/2020\\\/04\\\/KuusamonEramajoitusNyaLogoVersion2-2-e1670410237700.png\",\"width\":600,\"height\":124,\"caption\":\"Kuusamon Er&auml;majoitus\"},\"image\":{\"@id\":\"https:\\\/\\\/kuusamoneramajoitus.fi\\\/sv\\\/#\\\/schema\\\/logo\\\/image\\\/\"}}]}<\/script>\n<!-- \/ Yoast SEO plugin. -->","yoast_head_json":{"title":"Kontakta oss - Kuusamon Er&auml;majoitus","robots":{"index":"index","follow":"follow","max-snippet":"max-snippet:-1","max-image-preview":"max-image-preview:large","max-video-preview":"max-video-preview:-1"},"canonical":"https:\/\/kuusamoneramajoitus.fi\/sv\/kontakta-oss\/","og_locale":"sv_SE","og_type":"article","og_title":"Kontakta oss - Kuusamon Er&auml;majoitus","og_description":"V\u00e4lkommen till Kuusamo, f\u00f6r att njuta av naturen Telefon +358 50 640 40 E-post info@kuusamoneramajoitus.fi Postadress Likolammentie 43, 93999 Kuusamo, Finland Pukari Apartmets &#038; Wilderness Estate Pukari Likolammentie 43, 93999 Kuusamo, Finland Lake Side House T\u00f6rm\u00e4nen Koskenkyl\u00e4ntie 7, 93800 Kuusamo, Finland Lake Side Cabin Hepomaja Kuusilehdontie 14, 93999 Kuusamo, Finland","og_url":"https:\/\/kuusamoneramajoitus.fi\/sv\/kontakta-oss\/","og_site_name":"Kuusamon Er&auml;majoitus","article_modified_time":"2022-12-07T10:29:34+00:00","twitter_card":"summary_large_image","schema":{"@context":"https:\/\/schema.org","@graph":[{"@type":"WebPage","@id":"https:\/\/kuusamoneramajoitus.fi\/sv\/kontakta-oss\/","url":"https:\/\/kuusamoneramajoitus.fi\/sv\/kontakta-oss\/","name":"Kontakta oss - Kuusamon Er&auml;majoitus","isPartOf":{"@id":"https:\/\/kuusamoneramajoitus.fi\/sv\/#website"},"datePublished":"2020-04-13T11:18:48+00:00","dateModified":"2022-12-07T10:29:34+00:00","breadcrumb":{"@id":"https:\/\/kuusamoneramajoitus.fi\/sv\/kontakta-oss\/#breadcrumb"},"inLanguage":"sv-SE","potentialAction":[{"@type":"ReadAction","target":["https:\/\/kuusamoneramajoitus.fi\/sv\/kontakta-oss\/"]}]},{"@type":"BreadcrumbList","@id":"https:\/\/kuusamoneramajoitus.fi\/sv\/kontakta-oss\/#breadcrumb","itemListElement":[{"@type":"ListItem","position":1,"name":"Home","item":"https:\/\/kuusamoneramajoitus.fi\/sv\/"},{"@type":"ListItem","position":2,"name":"Kontakta oss"}]},{"@type":"WebSite","@id":"https:\/\/kuusamoneramajoitus.fi\/sv\/#website","url":"https:\/\/kuusamoneramajoitus.fi\/sv\/","name":"Kuusamon Er&auml;majoitus","description":"Loma-asuntoja Kuusamon l&auml;hialueella","publisher":{"@id":"https:\/\/kuusamoneramajoitus.fi\/sv\/#organization"},"potentialAction":[{"@type":"SearchAction","target":{"@type":"EntryPoint","urlTemplate":"https:\/\/kuusamoneramajoitus.fi\/sv\/?s={search_term_string}"},"query-input":{"@type":"PropertyValueSpecification","valueRequired":true,"valueName":"search_term_string"}}],"inLanguage":"sv-SE"},{"@type":"Organization","@id":"https:\/\/kuusamoneramajoitus.fi\/sv\/#organization","name":"Kuusamon Er&auml;majoitus","url":"https:\/\/kuusamoneramajoitus.fi\/sv\/","logo":{"@type":"ImageObject","inLanguage":"sv-SE","@id":"https:\/\/kuusamoneramajoitus.fi\/sv\/#\/schema\/logo\/image\/","url":"https:\/\/kuusamoneramajoitus.fi\/wp-content\/uploads\/2020\/04\/KuusamonEramajoitusNyaLogoVersion2-2-e1670410237700.png","contentUrl":"https:\/\/kuusamoneramajoitus.fi\/wp-content\/uploads\/2020\/04\/KuusamonEramajoitusNyaLogoVersion2-2-e1670410237700.png","width":600,"height":124,"caption":"Kuusamon Er&auml;majoitus"},"image":{"@id":"https:\/\/kuusamoneramajoitus.fi\/sv\/#\/schema\/logo\/image\/"}}]}},"_links":{"self":[{"href":"https:\/\/kuusamoneramajoitus.fi\/sv\/wp-json\/wp\/v2\/pages\/4741","targetHints":{"allow":["GET"]}}],"collection":[{"href":"https:\/\/kuusamoneramajoitus.fi\/sv\/wp-json\/wp\/v2\/pages"}],"about":[{"href":"https:\/\/kuusamoneramajoitus.fi\/sv\/wp-json\/wp\/v2\/types\/page"}],"author":[{"embeddable":true,"href":"https:\/\/kuusamoneramajoitus.fi\/sv\/wp-json\/wp\/v2\/users\/1"}],"replies":[{"embeddable":true,"href":"https:\/\/kuusamoneramajoitus.fi\/sv\/wp-json\/wp\/v2\/comments?post=4741"}],"version-history":[{"count":0,"href":"https:\/\/kuusamoneramajoitus.fi\/sv\/wp-json\/wp\/v2\/pages\/4741\/revisions"}],"wp:attachment":[{"href":"https:\/\/kuusamoneramajoitus.fi\/sv\/wp-json\/wp\/v2\/media?parent=4741"}],"curies":[{"name":"wp","href":"https:\/\/api.w.org\/{rel}","templated":true}]}}